{"id":32865,"date":"2024-03-15T09:30:45","date_gmt":"2024-03-15T08:30:45","guid":{"rendered":"https:\/\/kantajaunari.eus\/?page_id=32865"},"modified":"2024-03-15T09:57:08","modified_gmt":"2024-03-15T08:57:08","slug":"mentions-legales","status":"publish","type":"page","link":"https:\/\/kantajaunari.eus\/fr\/mentions-legales\/","title":{"rendered":"Mentions l\u00e9gales"},"content":{"rendered":"\n<h2 class=\"wp-block-heading\">\u00c9diteur<\/h2>\n\n\n\n<p>Le site kantajaunari.eus est \u00e9dit\u00e9 par l\u2019association Kanta Jaunari.<br>Le directeur de publication est Jean-Ren\u00e9 Pr\u00e9daigne.<\/p>\n\n\n\n<p><strong>Conception et r\u00e9alisation\u00a0:<\/strong> Bastien Uranga \u2013 <a href=\"https:\/\/www.to-schuss.fr\/\">to-schuss.fr<\/a><br><strong>Cr\u00e9ation graphique\u00a0:<\/strong> Marie-Charlotte Yao<br><strong>Cr\u00e9ation de la police Lerchundi\u00a0:<\/strong> Olivier Dolbeau<\/p>\n\n\n\n<div style=\"height:50px\" aria-hidden=\"true\" class=\"wp-block-spacer\"><\/div>\n\n\n\n<h2 class=\"wp-block-heading\">H\u00e9bergeur<\/h2>\n\n\n\n<p><strong>INFOMANIAK NETWORK SA<br><\/strong>Rue Eug\u00e8ne Marziano 25<br>1227 Les Acacias, Gen\u00e8ve, Suisse<br>+41228203544<\/p>\n\n\n\n<div style=\"height:50px\" aria-hidden=\"true\" class=\"wp-block-spacer\"><\/div>\n\n\n\n<h2 class=\"wp-block-heading\">Propri\u00e9t\u00e9 intellectuelle et droit d\u2019utilisation<\/h2>\n\n\n\n<p>Ce site est prot\u00e9g\u00e9 par la loi du 1er juillet 1998 sur la protection juridique des bases de donn\u00e9es. Sont interdites toutes extractions et r\u00e9utilisations de la totalit\u00e9 ou d\u2019une partie substantielle, sur le plan qualitatif ou quantitatif, du contenu du site. Les \u00e9l\u00e9ments relatifs \u00e0 la forme du site ainsi que les textes, images, photos et \u0153uvres pr\u00e9sent\u00e9s sont prot\u00e9g\u00e9s par le r\u00e9gime du droit d\u2019auteur notamment les \u0153uvres \u00e9dit\u00e9es par les \u00e9ditions Ezkila de l\u2019abbaye de Belloc \u00e0 Urt et des \u00e9ditions Kanta Jaunari de Bayonne. La reproduction et l\u2019utilisation de ces textes et images, sons et enregistrements, photos et \u0153uvres, autres qu\u2019\u00e0 une fin de consultation de nature priv\u00e9e, sont interdites.<\/p>\n\n\n\n<p>Toute demande d\u2019autorisation pour quelque utilisation que ce soit doit \u00eatre adress\u00e9e \u00e0 :<br><strong>Association Kanta Jaunari<br><\/strong>Ev\u00each\u00e9<br>16, place Mgr Vansteenberghe<br>64100 Bayonne<\/p>\n\n\n\n<div class=\"wp-block-buttons is-layout-flex wp-block-buttons-is-layout-flex\">\n<div class=\"wp-block-button\"><a class=\"wp-block-button__link wp-element-button\" href=\"https:\/\/kantajaunari.eus\/fr\/nous-contacter\/\">Nous contacter<\/a><\/div>\n<\/div>\n","protected":false},"excerpt":{"rendered":"<p>\u00c9diteur Le site kantajaunari.eus est \u00e9dit\u00e9 par l\u2019association Kanta Jaunari.Le directeur de publication est Jean-Ren\u00e9 Pr\u00e9daigne. Conception et r\u00e9alisation\u00a0: Bastien Uranga \u2013 to-schuss.frCr\u00e9ation graphique\u00a0: Marie-Charlotte YaoCr\u00e9ation de la police Lerchundi\u00a0: Olivier Dolbeau H\u00e9bergeur INFOMANIAK NETWORK SARue Eug\u00e8ne Marziano 251227 Les Acacias, Gen\u00e8ve, Suisse+41228203544 Propri\u00e9t\u00e9 intellectuelle et droit d\u2019utilisation Ce site est prot\u00e9g\u00e9 par la loi [&hellip;]<\/p>\n","protected":false},"author":1,"featured_media":0,"parent":0,"menu_order":0,"comment_status":"closed","ping_status":"closed","template":"","meta":{"_acf_changed":false,"advgb_blocks_editor_width":"","advgb_blocks_columns_visual_guide":"","footnotes":""},"class_list":["post-32865","page","type-page","status-publish","hentry"],"acf":[],"yoast_head":"<!-- This site is optimized with the Yoast SEO plugin v27.5 - https:\/\/yoast.com\/product\/yoast-seo-wordpress\/ -->\n<title>Mentions l\u00e9gales - Kanta Jaunari<\/title>\n<meta name=\"robots\" content=\"index, follow, max-snippet:-1, max-image-preview:large, max-video-preview:-1\" \/>\n<link rel=\"canonical\" href=\"https:\/\/kantajaunari.eus\/fr\/mentions-legales\/\" \/>\n<meta property=\"og:locale\" content=\"fr_FR\" \/>\n<meta property=\"og:type\" content=\"article\" \/>\n<meta property=\"og:title\" content=\"Mentions l\u00e9gales - Kanta Jaunari\" \/>\n<meta property=\"og:description\" content=\"\u00c9diteur Le site kantajaunari.eus est \u00e9dit\u00e9 par l\u2019association Kanta Jaunari.Le directeur de publication est Jean-Ren\u00e9 Pr\u00e9daigne. Conception et r\u00e9alisation\u00a0: Bastien Uranga \u2013 to-schuss.frCr\u00e9ation graphique\u00a0: Marie-Charlotte YaoCr\u00e9ation de la police Lerchundi\u00a0: Olivier Dolbeau H\u00e9bergeur INFOMANIAK NETWORK SARue Eug\u00e8ne Marziano 251227 Les Acacias, Gen\u00e8ve, Suisse+41228203544 Propri\u00e9t\u00e9 intellectuelle et droit d\u2019utilisation Ce site est prot\u00e9g\u00e9 par la loi [&hellip;]\" \/>\n<meta property=\"og:url\" content=\"https:\/\/kantajaunari.eus\/fr\/mentions-legales\/\" \/>\n<meta property=\"og:site_name\" content=\"Kanta Jaunari\" \/>\n<meta property=\"article:modified_time\" content=\"2024-03-15T08:57:08+00:00\" \/>\n<meta name=\"twitter:card\" content=\"summary_large_image\" \/>\n<meta name=\"twitter:label1\" content=\"Dur\u00e9e de lecture estim\u00e9e\" \/>\n\t<meta name=\"twitter:data1\" content=\"1 minute\" \/>\n<script type=\"application\/ld+json\" class=\"yoast-schema-graph\">{\"@context\":\"https:\\\/\\\/schema.org\",\"@graph\":[{\"@type\":\"WebPage\",\"@id\":\"https:\\\/\\\/kantajaunari.eus\\\/fr\\\/mentions-legales\\\/\",\"url\":\"https:\\\/\\\/kantajaunari.eus\\\/fr\\\/mentions-legales\\\/\",\"name\":\"Mentions l\u00e9gales - Kanta Jaunari\",\"isPartOf\":{\"@id\":\"https:\\\/\\\/kantajaunari.eus\\\/fr\\\/#website\"},\"datePublished\":\"2024-03-15T08:30:45+00:00\",\"dateModified\":\"2024-03-15T08:57:08+00:00\",\"breadcrumb\":{\"@id\":\"https:\\\/\\\/kantajaunari.eus\\\/fr\\\/mentions-legales\\\/#breadcrumb\"},\"inLanguage\":\"fr-FR\",\"potentialAction\":[{\"@type\":\"ReadAction\",\"target\":[\"https:\\\/\\\/kantajaunari.eus\\\/fr\\\/mentions-legales\\\/\"]}]},{\"@type\":\"BreadcrumbList\",\"@id\":\"https:\\\/\\\/kantajaunari.eus\\\/fr\\\/mentions-legales\\\/#breadcrumb\",\"itemListElement\":[{\"@type\":\"ListItem\",\"position\":1,\"name\":\"Accueil\",\"item\":\"https:\\\/\\\/kantajaunari.eus\\\/fr\\\/\"},{\"@type\":\"ListItem\",\"position\":2,\"name\":\"Mentions l\u00e9gales\"}]},{\"@type\":\"WebSite\",\"@id\":\"https:\\\/\\\/kantajaunari.eus\\\/fr\\\/#website\",\"url\":\"https:\\\/\\\/kantajaunari.eus\\\/fr\\\/\",\"name\":\"Kanta Jaunari\",\"description\":\"\",\"potentialAction\":[{\"@type\":\"SearchAction\",\"target\":{\"@type\":\"EntryPoint\",\"urlTemplate\":\"https:\\\/\\\/kantajaunari.eus\\\/fr\\\/?s={search_term_string}\"},\"query-input\":{\"@type\":\"PropertyValueSpecification\",\"valueRequired\":true,\"valueName\":\"search_term_string\"}}],\"inLanguage\":\"fr-FR\"}]}<\/script>\n<!-- \/ Yoast SEO plugin. -->","yoast_head_json":{"title":"Mentions l\u00e9gales - Kanta Jaunari","robots":{"index":"index","follow":"follow","max-snippet":"max-snippet:-1","max-image-preview":"max-image-preview:large","max-video-preview":"max-video-preview:-1"},"canonical":"https:\/\/kantajaunari.eus\/fr\/mentions-legales\/","og_locale":"fr_FR","og_type":"article","og_title":"Mentions l\u00e9gales - Kanta Jaunari","og_description":"\u00c9diteur Le site kantajaunari.eus est \u00e9dit\u00e9 par l\u2019association Kanta Jaunari.Le directeur de publication est Jean-Ren\u00e9 Pr\u00e9daigne. Conception et r\u00e9alisation\u00a0: Bastien Uranga \u2013 to-schuss.frCr\u00e9ation graphique\u00a0: Marie-Charlotte YaoCr\u00e9ation de la police Lerchundi\u00a0: Olivier Dolbeau H\u00e9bergeur INFOMANIAK NETWORK SARue Eug\u00e8ne Marziano 251227 Les Acacias, Gen\u00e8ve, Suisse+41228203544 Propri\u00e9t\u00e9 intellectuelle et droit d\u2019utilisation Ce site est prot\u00e9g\u00e9 par la loi [&hellip;]","og_url":"https:\/\/kantajaunari.eus\/fr\/mentions-legales\/","og_site_name":"Kanta Jaunari","article_modified_time":"2024-03-15T08:57:08+00:00","twitter_card":"summary_large_image","twitter_misc":{"Dur\u00e9e de lecture estim\u00e9e":"1 minute"},"schema":{"@context":"https:\/\/schema.org","@graph":[{"@type":"WebPage","@id":"https:\/\/kantajaunari.eus\/fr\/mentions-legales\/","url":"https:\/\/kantajaunari.eus\/fr\/mentions-legales\/","name":"Mentions l\u00e9gales - Kanta Jaunari","isPartOf":{"@id":"https:\/\/kantajaunari.eus\/fr\/#website"},"datePublished":"2024-03-15T08:30:45+00:00","dateModified":"2024-03-15T08:57:08+00:00","breadcrumb":{"@id":"https:\/\/kantajaunari.eus\/fr\/mentions-legales\/#breadcrumb"},"inLanguage":"fr-FR","potentialAction":[{"@type":"ReadAction","target":["https:\/\/kantajaunari.eus\/fr\/mentions-legales\/"]}]},{"@type":"BreadcrumbList","@id":"https:\/\/kantajaunari.eus\/fr\/mentions-legales\/#breadcrumb","itemListElement":[{"@type":"ListItem","position":1,"name":"Accueil","item":"https:\/\/kantajaunari.eus\/fr\/"},{"@type":"ListItem","position":2,"name":"Mentions l\u00e9gales"}]},{"@type":"WebSite","@id":"https:\/\/kantajaunari.eus\/fr\/#website","url":"https:\/\/kantajaunari.eus\/fr\/","name":"Kanta Jaunari","description":"","potentialAction":[{"@type":"SearchAction","target":{"@type":"EntryPoint","urlTemplate":"https:\/\/kantajaunari.eus\/fr\/?s={search_term_string}"},"query-input":{"@type":"PropertyValueSpecification","valueRequired":true,"valueName":"search_term_string"}}],"inLanguage":"fr-FR"}]}},"coauthors":[],"author_meta":{"author_link":"https:\/\/kantajaunari.eus\/fr\/author\/bastiento-schuss-fr\/","display_name":"bastien@to-schuss.fr"},"relative_dates":{"created":"Publi\u00e9 2 ans il y a","modified":"Mis \u00e0 jour 2 ans il y a"},"absolute_dates":{"created":"Publi\u00e9 le 15 mars 2024","modified":"Mise \u00e0 jour le 15 mars 2024"},"absolute_dates_time":{"created":"Publi\u00e9 le 15 mars 2024 9h30","modified":"Mise \u00e0 jour le 15 mars 2024 9h57"},"featured_img_caption":"","featured_img":false,"series_order":"","_links":{"self":[{"href":"https:\/\/kantajaunari.eus\/fr\/wp-json\/wp\/v2\/pages\/32865","targetHints":{"allow":["GET"]}}],"collection":[{"href":"https:\/\/kantajaunari.eus\/fr\/wp-json\/wp\/v2\/pages"}],"about":[{"href":"https:\/\/kantajaunari.eus\/fr\/wp-json\/wp\/v2\/types\/page"}],"author":[{"embeddable":true,"href":"https:\/\/kantajaunari.eus\/fr\/wp-json\/wp\/v2\/users\/1"}],"replies":[{"embeddable":true,"href":"https:\/\/kantajaunari.eus\/fr\/wp-json\/wp\/v2\/comments?post=32865"}],"version-history":[{"count":4,"href":"https:\/\/kantajaunari.eus\/fr\/wp-json\/wp\/v2\/pages\/32865\/revisions"}],"predecessor-version":[{"id":32869,"href":"https:\/\/kantajaunari.eus\/fr\/wp-json\/wp\/v2\/pages\/32865\/revisions\/32869"}],"wp:attachment":[{"href":"https:\/\/kantajaunari.eus\/fr\/wp-json\/wp\/v2\/media?parent=32865"}],"curies":[{"name":"wp","href":"https:\/\/api.w.org\/{rel}","templated":true}]}}