{"id":32691,"date":"2024-03-13T22:09:14","date_gmt":"2024-03-13T21:09:14","guid":{"rendered":"https:\/\/kantajaunari.eus\/?page_id=32691"},"modified":"2024-03-15T10:42:28","modified_gmt":"2024-03-15T09:42:28","slug":"nous-contacter","status":"publish","type":"page","link":"https:\/\/kantajaunari.eus\/fr\/nous-contacter\/","title":{"rendered":"Nous contacter"},"content":{"rendered":"<p class=\"wpcf7-contact-form-not-found\"><strong>Erreur\u00a0:<\/strong> Formulaire de contact non trouv\u00e9\u00a0!<\/p>\n","protected":false},"excerpt":{"rendered":"","protected":false},"author":1,"featured_media":0,"parent":0,"menu_order":0,"comment_status":"closed","ping_status":"closed","template":"","meta":{"_acf_changed":false,"advgb_blocks_editor_width":"","advgb_blocks_columns_visual_guide":"","footnotes":""},"class_list":["post-32691","page","type-page","status-publish","hentry"],"acf":[],"yoast_head":"<!-- This site is optimized with the Yoast SEO plugin v27.3 - https:\/\/yoast.com\/product\/yoast-seo-wordpress\/ -->\n<title>Nous contacter - Kanta Jaunari<\/title>\n<meta name=\"robots\" content=\"index, follow, max-snippet:-1, max-image-preview:large, max-video-preview:-1\" \/>\n<link rel=\"canonical\" href=\"https:\/\/kantajaunari.eus\/fr\/nous-contacter\/\" \/>\n<meta property=\"og:locale\" content=\"fr_FR\" \/>\n<meta property=\"og:type\" content=\"article\" \/>\n<meta property=\"og:title\" content=\"Nous contacter - Kanta Jaunari\" \/>\n<meta property=\"og:url\" content=\"https:\/\/kantajaunari.eus\/fr\/nous-contacter\/\" \/>\n<meta property=\"og:site_name\" content=\"Kanta Jaunari\" \/>\n<meta property=\"article:modified_time\" content=\"2024-03-15T09:42:28+00:00\" \/>\n<meta name=\"twitter:card\" content=\"summary_large_image\" \/>\n<script type=\"application\/ld+json\" class=\"yoast-schema-graph\">{\"@context\":\"https:\\\/\\\/schema.org\",\"@graph\":[{\"@type\":\"WebPage\",\"@id\":\"https:\\\/\\\/kantajaunari.eus\\\/fr\\\/nous-contacter\\\/\",\"url\":\"https:\\\/\\\/kantajaunari.eus\\\/fr\\\/nous-contacter\\\/\",\"name\":\"Nous contacter - Kanta Jaunari\",\"isPartOf\":{\"@id\":\"https:\\\/\\\/kantajaunari.eus\\\/fr\\\/#website\"},\"datePublished\":\"2024-03-13T21:09:14+00:00\",\"dateModified\":\"2024-03-15T09:42:28+00:00\",\"breadcrumb\":{\"@id\":\"https:\\\/\\\/kantajaunari.eus\\\/fr\\\/nous-contacter\\\/#breadcrumb\"},\"inLanguage\":\"fr-FR\",\"potentialAction\":[{\"@type\":\"ReadAction\",\"target\":[\"https:\\\/\\\/kantajaunari.eus\\\/fr\\\/nous-contacter\\\/\"]}]},{\"@type\":\"BreadcrumbList\",\"@id\":\"https:\\\/\\\/kantajaunari.eus\\\/fr\\\/nous-contacter\\\/#breadcrumb\",\"itemListElement\":[{\"@type\":\"ListItem\",\"position\":1,\"name\":\"Accueil\",\"item\":\"https:\\\/\\\/kantajaunari.eus\\\/fr\\\/\"},{\"@type\":\"ListItem\",\"position\":2,\"name\":\"Nous contacter\"}]},{\"@type\":\"WebSite\",\"@id\":\"https:\\\/\\\/kantajaunari.eus\\\/fr\\\/#website\",\"url\":\"https:\\\/\\\/kantajaunari.eus\\\/fr\\\/\",\"name\":\"Kanta Jaunari\",\"description\":\"\",\"potentialAction\":[{\"@type\":\"SearchAction\",\"target\":{\"@type\":\"EntryPoint\",\"urlTemplate\":\"https:\\\/\\\/kantajaunari.eus\\\/fr\\\/?s={search_term_string}\"},\"query-input\":{\"@type\":\"PropertyValueSpecification\",\"valueRequired\":true,\"valueName\":\"search_term_string\"}}],\"inLanguage\":\"fr-FR\"}]}<\/script>\n<!-- \/ Yoast SEO plugin. -->","yoast_head_json":{"title":"Nous contacter - Kanta Jaunari","robots":{"index":"index","follow":"follow","max-snippet":"max-snippet:-1","max-image-preview":"max-image-preview:large","max-video-preview":"max-video-preview:-1"},"canonical":"https:\/\/kantajaunari.eus\/fr\/nous-contacter\/","og_locale":"fr_FR","og_type":"article","og_title":"Nous contacter - Kanta Jaunari","og_url":"https:\/\/kantajaunari.eus\/fr\/nous-contacter\/","og_site_name":"Kanta Jaunari","article_modified_time":"2024-03-15T09:42:28+00:00","twitter_card":"summary_large_image","schema":{"@context":"https:\/\/schema.org","@graph":[{"@type":"WebPage","@id":"https:\/\/kantajaunari.eus\/fr\/nous-contacter\/","url":"https:\/\/kantajaunari.eus\/fr\/nous-contacter\/","name":"Nous contacter - Kanta Jaunari","isPartOf":{"@id":"https:\/\/kantajaunari.eus\/fr\/#website"},"datePublished":"2024-03-13T21:09:14+00:00","dateModified":"2024-03-15T09:42:28+00:00","breadcrumb":{"@id":"https:\/\/kantajaunari.eus\/fr\/nous-contacter\/#breadcrumb"},"inLanguage":"fr-FR","potentialAction":[{"@type":"ReadAction","target":["https:\/\/kantajaunari.eus\/fr\/nous-contacter\/"]}]},{"@type":"BreadcrumbList","@id":"https:\/\/kantajaunari.eus\/fr\/nous-contacter\/#breadcrumb","itemListElement":[{"@type":"ListItem","position":1,"name":"Accueil","item":"https:\/\/kantajaunari.eus\/fr\/"},{"@type":"ListItem","position":2,"name":"Nous contacter"}]},{"@type":"WebSite","@id":"https:\/\/kantajaunari.eus\/fr\/#website","url":"https:\/\/kantajaunari.eus\/fr\/","name":"Kanta Jaunari","description":"","potentialAction":[{"@type":"SearchAction","target":{"@type":"EntryPoint","urlTemplate":"https:\/\/kantajaunari.eus\/fr\/?s={search_term_string}"},"query-input":{"@type":"PropertyValueSpecification","valueRequired":true,"valueName":"search_term_string"}}],"inLanguage":"fr-FR"}]}},"coauthors":[],"author_meta":{"author_link":"https:\/\/kantajaunari.eus\/fr\/author\/bastiento-schuss-fr\/","display_name":"bastien@to-schuss.fr"},"relative_dates":{"created":"Publi\u00e9 2 ans il y a","modified":"Mis \u00e0 jour 2 ans il y a"},"absolute_dates":{"created":"Publi\u00e9 le 13 mars 2024","modified":"Mise \u00e0 jour le 15 mars 2024"},"absolute_dates_time":{"created":"Publi\u00e9 le 13 mars 2024 22h09","modified":"Mise \u00e0 jour le 15 mars 2024 10h42"},"featured_img_caption":"","featured_img":false,"series_order":"","_links":{"self":[{"href":"https:\/\/kantajaunari.eus\/fr\/wp-json\/wp\/v2\/pages\/32691","targetHints":{"allow":["GET"]}}],"collection":[{"href":"https:\/\/kantajaunari.eus\/fr\/wp-json\/wp\/v2\/pages"}],"about":[{"href":"https:\/\/kantajaunari.eus\/fr\/wp-json\/wp\/v2\/types\/page"}],"author":[{"embeddable":true,"href":"https:\/\/kantajaunari.eus\/fr\/wp-json\/wp\/v2\/users\/1"}],"replies":[{"embeddable":true,"href":"https:\/\/kantajaunari.eus\/fr\/wp-json\/wp\/v2\/comments?post=32691"}],"version-history":[{"count":2,"href":"https:\/\/kantajaunari.eus\/fr\/wp-json\/wp\/v2\/pages\/32691\/revisions"}],"predecessor-version":[{"id":32878,"href":"https:\/\/kantajaunari.eus\/fr\/wp-json\/wp\/v2\/pages\/32691\/revisions\/32878"}],"wp:attachment":[{"href":"https:\/\/kantajaunari.eus\/fr\/wp-json\/wp\/v2\/media?parent=32691"}],"curies":[{"name":"wp","href":"https:\/\/api.w.org\/{rel}","templated":true}]}}