{"id":32598,"date":"2024-03-01T12:09:43","date_gmt":"2024-03-01T11:09:43","guid":{"rendered":"https:\/\/kantajaunari.eus\/?page_id=32598"},"modified":"2024-03-20T20:37:05","modified_gmt":"2024-03-20T19:37:05","slug":"rassemblements-des-chorales-paroissiales","status":"publish","type":"page","link":"https:\/\/kantajaunari.eus\/fr\/qui-sommes-nous\/rassemblements-des-chorales-paroissiales\/","title":{"rendered":"Rassemblements des chorales paroissiales &#8211; Pelerinages"},"content":{"rendered":"\n<p>1969 Hasparren<br>1970 Espelette<br>1971 Ciboure &#8211; Saint-Jean-de-Luz<br>1972 Oss\u00e8s<br>1973 Itxassou<br>1974 Mendionde<br>1975 Saint-Etienne-de-Baigorry<br>1976 Urrugne &#8211; Barcus<br>1977 Saint-Jean-de-Luz<br>1978 Jaxu &#8211; Ustaritz<br>1979 Hasparren<br>1980 Sare &#8211; Saint-Jean-Pied-de-Port<br>1981 Saint-P\u00e9e-sur-Nivelle<br>1982 Villefranque &#8211; Bidarray &#8211; Ciboure<br>1983 Saint-Etienne-de-Baigorry<br>1984 Urrugne &#8211; Oss\u00e8s<br>1985 Espelette<br>1986 Cambo<br>1987 Cath\u00e9drale de Bayonne<br>1988 Irissary<br>1989 Sare<br>1990 Saint-Palais<br>1991 Hendaye<br>1992 Maul\u00e9on<br>1993 Saint-Jean-de-Luz<br>1994 Saint-Jean-Pied-de-Port<br>1995 Ustaritz<br>1996 Bayonne Saint-Andr\u00e9<br>1997 Urrugne<br>1998 Itxassou<br>1999 Hasparren <br>2000 Espelette<br>2001 Saint-Etienne-de-Baigorry<br>2002 Bidart<br>2003 Saint-P\u00e9e-sur-Nivelle<br>2004 Oss\u00e8s<br>2006 Jaxu<br>2007 Ciboure<br>2009 Saint-Palais<br>2011 Urrugne<br>2012 Baigorri<br>2014 Ustaritz<br>2015 Maul\u00e9on<br>2017 Saint-Jean-de-Luz<br>2019 Hasparren (50 ans)<br>2022 Sare<br>2024 Oss\u00e8s<\/p>\n\n\n\n<p><strong>P\u00e8lerinages<\/strong><br>Arantzazu 2002<br>Arantzazu 2004<br>Javier 2006<br>Arantzazu 2008<br>Arantzazu 2010<br>Arantzazu 2012<br>Loiola 2014<br>Loiola 2016<br>Urkiola 2018<br>Loiola 2022<br>Arantzazu 2023<\/p>\n","protected":false},"excerpt":{"rendered":"<p>1969 Hasparren1970 Espelette1971 Ciboure &#8211; Saint-Jean-de-Luz1972 Oss\u00e8s1973 Itxassou1974 Mendionde1975 Saint-Etienne-de-Baigorry1976 Urrugne &#8211; Barcus1977 Saint-Jean-de-Luz1978 Jaxu &#8211; Ustaritz1979 Hasparren1980 Sare &#8211; Saint-Jean-Pied-de-Port1981 Saint-P\u00e9e-sur-Nivelle1982 Villefranque &#8211; Bidarray &#8211; Ciboure1983 Saint-Etienne-de-Baigorry1984 Urrugne &#8211; Oss\u00e8s1985 Espelette1986 Cambo1987 Cath\u00e9drale de Bayonne1988 Irissary1989 Sare1990 Saint-Palais1991 Hendaye1992 Maul\u00e9on1993 Saint-Jean-de-Luz1994 Saint-Jean-Pied-de-Port1995 Ustaritz1996 Bayonne Saint-Andr\u00e91997 Urrugne1998 Itxassou1999 Hasparren 2000 Espelette2001 Saint-Etienne-de-Baigorry2002 Bidart2003 Saint-P\u00e9e-sur-Nivelle2004 Oss\u00e8s2006 [&hellip;]<\/p>\n","protected":false},"author":2,"featured_media":33143,"parent":32529,"menu_order":3,"comment_status":"closed","ping_status":"closed","template":"","meta":{"_acf_changed":false,"advgb_blocks_editor_width":"","advgb_blocks_columns_visual_guide":"","footnotes":""},"class_list":["post-32598","page","type-page","status-publish","has-post-thumbnail","hentry"],"acf":[],"yoast_head":"<!-- This site is optimized with the Yoast SEO plugin v27.3 - https:\/\/yoast.com\/product\/yoast-seo-wordpress\/ -->\n<title>Rassemblements des chorales paroissiales - Pelerinages - Kanta Jaunari<\/title>\n<meta name=\"robots\" content=\"index, follow, max-snippet:-1, max-image-preview:large, max-video-preview:-1\" \/>\n<link rel=\"canonical\" href=\"https:\/\/kantajaunari.eus\/fr\/qui-sommes-nous\/rassemblements-des-chorales-paroissiales\/\" \/>\n<meta property=\"og:locale\" content=\"fr_FR\" \/>\n<meta property=\"og:type\" content=\"article\" \/>\n<meta property=\"og:title\" content=\"Rassemblements des chorales paroissiales - Pelerinages - Kanta Jaunari\" \/>\n<meta property=\"og:description\" content=\"1969 Hasparren1970 Espelette1971 Ciboure &#8211; Saint-Jean-de-Luz1972 Oss\u00e8s1973 Itxassou1974 Mendionde1975 Saint-Etienne-de-Baigorry1976 Urrugne &#8211; Barcus1977 Saint-Jean-de-Luz1978 Jaxu &#8211; Ustaritz1979 Hasparren1980 Sare &#8211; Saint-Jean-Pied-de-Port1981 Saint-P\u00e9e-sur-Nivelle1982 Villefranque &#8211; Bidarray &#8211; Ciboure1983 Saint-Etienne-de-Baigorry1984 Urrugne &#8211; Oss\u00e8s1985 Espelette1986 Cambo1987 Cath\u00e9drale de Bayonne1988 Irissary1989 Sare1990 Saint-Palais1991 Hendaye1992 Maul\u00e9on1993 Saint-Jean-de-Luz1994 Saint-Jean-Pied-de-Port1995 Ustaritz1996 Bayonne Saint-Andr\u00e91997 Urrugne1998 Itxassou1999 Hasparren 2000 Espelette2001 Saint-Etienne-de-Baigorry2002 Bidart2003 Saint-P\u00e9e-sur-Nivelle2004 Oss\u00e8s2006 [&hellip;]\" \/>\n<meta property=\"og:url\" content=\"https:\/\/kantajaunari.eus\/fr\/qui-sommes-nous\/rassemblements-des-chorales-paroissiales\/\" \/>\n<meta property=\"og:site_name\" content=\"Kanta Jaunari\" \/>\n<meta property=\"article:modified_time\" content=\"2024-03-20T19:37:05+00:00\" \/>\n<meta property=\"og:image\" content=\"https:\/\/kantajaunari.eus\/wp-content\/uploads\/2024\/03\/Kanta-Jaunari-elgarretaratzeak-beilak2.jpg\" \/>\n\t<meta property=\"og:image:width\" content=\"400\" \/>\n\t<meta property=\"og:image:height\" content=\"266\" \/>\n\t<meta property=\"og:image:type\" content=\"image\/jpeg\" \/>\n<meta name=\"twitter:card\" content=\"summary_large_image\" \/>\n<meta name=\"twitter:label1\" content=\"Dur\u00e9e de lecture estim\u00e9e\" \/>\n\t<meta name=\"twitter:data1\" content=\"1 minute\" \/>\n<script type=\"application\/ld+json\" class=\"yoast-schema-graph\">{\"@context\":\"https:\\\/\\\/schema.org\",\"@graph\":[{\"@type\":\"WebPage\",\"@id\":\"https:\\\/\\\/kantajaunari.eus\\\/fr\\\/qui-sommes-nous\\\/rassemblements-des-chorales-paroissiales\\\/\",\"url\":\"https:\\\/\\\/kantajaunari.eus\\\/fr\\\/qui-sommes-nous\\\/rassemblements-des-chorales-paroissiales\\\/\",\"name\":\"Rassemblements des chorales paroissiales - Pelerinages - Kanta Jaunari\",\"isPartOf\":{\"@id\":\"https:\\\/\\\/kantajaunari.eus\\\/fr\\\/#website\"},\"primaryImageOfPage\":{\"@id\":\"https:\\\/\\\/kantajaunari.eus\\\/fr\\\/qui-sommes-nous\\\/rassemblements-des-chorales-paroissiales\\\/#primaryimage\"},\"image\":{\"@id\":\"https:\\\/\\\/kantajaunari.eus\\\/fr\\\/qui-sommes-nous\\\/rassemblements-des-chorales-paroissiales\\\/#primaryimage\"},\"thumbnailUrl\":\"https:\\\/\\\/kantajaunari.eus\\\/wp-content\\\/uploads\\\/2024\\\/03\\\/Kanta-Jaunari-elgarretaratzeak-beilak2.jpg\",\"datePublished\":\"2024-03-01T11:09:43+00:00\",\"dateModified\":\"2024-03-20T19:37:05+00:00\",\"breadcrumb\":{\"@id\":\"https:\\\/\\\/kantajaunari.eus\\\/fr\\\/qui-sommes-nous\\\/rassemblements-des-chorales-paroissiales\\\/#breadcrumb\"},\"inLanguage\":\"fr-FR\",\"potentialAction\":[{\"@type\":\"ReadAction\",\"target\":[\"https:\\\/\\\/kantajaunari.eus\\\/fr\\\/qui-sommes-nous\\\/rassemblements-des-chorales-paroissiales\\\/\"]}]},{\"@type\":\"ImageObject\",\"inLanguage\":\"fr-FR\",\"@id\":\"https:\\\/\\\/kantajaunari.eus\\\/fr\\\/qui-sommes-nous\\\/rassemblements-des-chorales-paroissiales\\\/#primaryimage\",\"url\":\"https:\\\/\\\/kantajaunari.eus\\\/wp-content\\\/uploads\\\/2024\\\/03\\\/Kanta-Jaunari-elgarretaratzeak-beilak2.jpg\",\"contentUrl\":\"https:\\\/\\\/kantajaunari.eus\\\/wp-content\\\/uploads\\\/2024\\\/03\\\/Kanta-Jaunari-elgarretaratzeak-beilak2.jpg\",\"width\":400,\"height\":266},{\"@type\":\"BreadcrumbList\",\"@id\":\"https:\\\/\\\/kantajaunari.eus\\\/fr\\\/qui-sommes-nous\\\/rassemblements-des-chorales-paroissiales\\\/#breadcrumb\",\"itemListElement\":[{\"@type\":\"ListItem\",\"position\":1,\"name\":\"Accueil\",\"item\":\"https:\\\/\\\/kantajaunari.eus\\\/fr\\\/\"},{\"@type\":\"ListItem\",\"position\":2,\"name\":\"Qui sommes-nous ?\",\"item\":\"https:\\\/\\\/kantajaunari.eus\\\/fr\\\/qui-sommes-nous\\\/\"},{\"@type\":\"ListItem\",\"position\":3,\"name\":\"Rassemblements des chorales paroissiales &#8211; Pelerinages\"}]},{\"@type\":\"WebSite\",\"@id\":\"https:\\\/\\\/kantajaunari.eus\\\/fr\\\/#website\",\"url\":\"https:\\\/\\\/kantajaunari.eus\\\/fr\\\/\",\"name\":\"Kanta Jaunari\",\"description\":\"\",\"potentialAction\":[{\"@type\":\"SearchAction\",\"target\":{\"@type\":\"EntryPoint\",\"urlTemplate\":\"https:\\\/\\\/kantajaunari.eus\\\/fr\\\/?s={search_term_string}\"},\"query-input\":{\"@type\":\"PropertyValueSpecification\",\"valueRequired\":true,\"valueName\":\"search_term_string\"}}],\"inLanguage\":\"fr-FR\"}]}<\/script>\n<!-- \/ Yoast SEO plugin. -->","yoast_head_json":{"title":"Rassemblements des chorales paroissiales - Pelerinages - Kanta Jaunari","robots":{"index":"index","follow":"follow","max-snippet":"max-snippet:-1","max-image-preview":"max-image-preview:large","max-video-preview":"max-video-preview:-1"},"canonical":"https:\/\/kantajaunari.eus\/fr\/qui-sommes-nous\/rassemblements-des-chorales-paroissiales\/","og_locale":"fr_FR","og_type":"article","og_title":"Rassemblements des chorales paroissiales - Pelerinages - Kanta Jaunari","og_description":"1969 Hasparren1970 Espelette1971 Ciboure &#8211; Saint-Jean-de-Luz1972 Oss\u00e8s1973 Itxassou1974 Mendionde1975 Saint-Etienne-de-Baigorry1976 Urrugne &#8211; Barcus1977 Saint-Jean-de-Luz1978 Jaxu &#8211; Ustaritz1979 Hasparren1980 Sare &#8211; Saint-Jean-Pied-de-Port1981 Saint-P\u00e9e-sur-Nivelle1982 Villefranque &#8211; Bidarray &#8211; Ciboure1983 Saint-Etienne-de-Baigorry1984 Urrugne &#8211; Oss\u00e8s1985 Espelette1986 Cambo1987 Cath\u00e9drale de Bayonne1988 Irissary1989 Sare1990 Saint-Palais1991 Hendaye1992 Maul\u00e9on1993 Saint-Jean-de-Luz1994 Saint-Jean-Pied-de-Port1995 Ustaritz1996 Bayonne Saint-Andr\u00e91997 Urrugne1998 Itxassou1999 Hasparren 2000 Espelette2001 Saint-Etienne-de-Baigorry2002 Bidart2003 Saint-P\u00e9e-sur-Nivelle2004 Oss\u00e8s2006 [&hellip;]","og_url":"https:\/\/kantajaunari.eus\/fr\/qui-sommes-nous\/rassemblements-des-chorales-paroissiales\/","og_site_name":"Kanta Jaunari","article_modified_time":"2024-03-20T19:37:05+00:00","og_image":[{"width":400,"height":266,"url":"https:\/\/kantajaunari.eus\/wp-content\/uploads\/2024\/03\/Kanta-Jaunari-elgarretaratzeak-beilak2.jpg","type":"image\/jpeg"}],"twitter_card":"summary_large_image","twitter_misc":{"Dur\u00e9e de lecture estim\u00e9e":"1 minute"},"schema":{"@context":"https:\/\/schema.org","@graph":[{"@type":"WebPage","@id":"https:\/\/kantajaunari.eus\/fr\/qui-sommes-nous\/rassemblements-des-chorales-paroissiales\/","url":"https:\/\/kantajaunari.eus\/fr\/qui-sommes-nous\/rassemblements-des-chorales-paroissiales\/","name":"Rassemblements des chorales paroissiales - Pelerinages - Kanta Jaunari","isPartOf":{"@id":"https:\/\/kantajaunari.eus\/fr\/#website"},"primaryImageOfPage":{"@id":"https:\/\/kantajaunari.eus\/fr\/qui-sommes-nous\/rassemblements-des-chorales-paroissiales\/#primaryimage"},"image":{"@id":"https:\/\/kantajaunari.eus\/fr\/qui-sommes-nous\/rassemblements-des-chorales-paroissiales\/#primaryimage"},"thumbnailUrl":"https:\/\/kantajaunari.eus\/wp-content\/uploads\/2024\/03\/Kanta-Jaunari-elgarretaratzeak-beilak2.jpg","datePublished":"2024-03-01T11:09:43+00:00","dateModified":"2024-03-20T19:37:05+00:00","breadcrumb":{"@id":"https:\/\/kantajaunari.eus\/fr\/qui-sommes-nous\/rassemblements-des-chorales-paroissiales\/#breadcrumb"},"inLanguage":"fr-FR","potentialAction":[{"@type":"ReadAction","target":["https:\/\/kantajaunari.eus\/fr\/qui-sommes-nous\/rassemblements-des-chorales-paroissiales\/"]}]},{"@type":"ImageObject","inLanguage":"fr-FR","@id":"https:\/\/kantajaunari.eus\/fr\/qui-sommes-nous\/rassemblements-des-chorales-paroissiales\/#primaryimage","url":"https:\/\/kantajaunari.eus\/wp-content\/uploads\/2024\/03\/Kanta-Jaunari-elgarretaratzeak-beilak2.jpg","contentUrl":"https:\/\/kantajaunari.eus\/wp-content\/uploads\/2024\/03\/Kanta-Jaunari-elgarretaratzeak-beilak2.jpg","width":400,"height":266},{"@type":"BreadcrumbList","@id":"https:\/\/kantajaunari.eus\/fr\/qui-sommes-nous\/rassemblements-des-chorales-paroissiales\/#breadcrumb","itemListElement":[{"@type":"ListItem","position":1,"name":"Accueil","item":"https:\/\/kantajaunari.eus\/fr\/"},{"@type":"ListItem","position":2,"name":"Qui sommes-nous ?","item":"https:\/\/kantajaunari.eus\/fr\/qui-sommes-nous\/"},{"@type":"ListItem","position":3,"name":"Rassemblements des chorales paroissiales &#8211; Pelerinages"}]},{"@type":"WebSite","@id":"https:\/\/kantajaunari.eus\/fr\/#website","url":"https:\/\/kantajaunari.eus\/fr\/","name":"Kanta Jaunari","description":"","potentialAction":[{"@type":"SearchAction","target":{"@type":"EntryPoint","urlTemplate":"https:\/\/kantajaunari.eus\/fr\/?s={search_term_string}"},"query-input":{"@type":"PropertyValueSpecification","valueRequired":true,"valueName":"search_term_string"}}],"inLanguage":"fr-FR"}]}},"coauthors":[],"author_meta":{"author_link":"https:\/\/kantajaunari.eus\/fr\/author\/alexandre\/","display_name":"Alexandre"},"relative_dates":{"created":"Publi\u00e9 2 ans il y a","modified":"Mis \u00e0 jour 2 ans il y a"},"absolute_dates":{"created":"Publi\u00e9 le 1 mars 2024","modified":"Mise \u00e0 jour le 20 mars 2024"},"absolute_dates_time":{"created":"Publi\u00e9 le 1 mars 2024 12h09","modified":"Mise \u00e0 jour le 20 mars 2024 20h37"},"featured_img_caption":"","featured_img":"https:\/\/kantajaunari.eus\/wp-content\/uploads\/2024\/03\/Kanta-Jaunari-elgarretaratzeak-beilak2.jpg","series_order":"","_links":{"self":[{"href":"https:\/\/kantajaunari.eus\/fr\/wp-json\/wp\/v2\/pages\/32598","targetHints":{"allow":["GET"]}}],"collection":[{"href":"https:\/\/kantajaunari.eus\/fr\/wp-json\/wp\/v2\/pages"}],"about":[{"href":"https:\/\/kantajaunari.eus\/fr\/wp-json\/wp\/v2\/types\/page"}],"author":[{"embeddable":true,"href":"https:\/\/kantajaunari.eus\/fr\/wp-json\/wp\/v2\/users\/2"}],"replies":[{"embeddable":true,"href":"https:\/\/kantajaunari.eus\/fr\/wp-json\/wp\/v2\/comments?post=32598"}],"version-history":[{"count":6,"href":"https:\/\/kantajaunari.eus\/fr\/wp-json\/wp\/v2\/pages\/32598\/revisions"}],"predecessor-version":[{"id":32672,"href":"https:\/\/kantajaunari.eus\/fr\/wp-json\/wp\/v2\/pages\/32598\/revisions\/32672"}],"up":[{"embeddable":true,"href":"https:\/\/kantajaunari.eus\/fr\/wp-json\/wp\/v2\/pages\/32529"}],"wp:featuredmedia":[{"embeddable":true,"href":"https:\/\/kantajaunari.eus\/fr\/wp-json\/wp\/v2\/media\/33143"}],"wp:attachment":[{"href":"https:\/\/kantajaunari.eus\/fr\/wp-json\/wp\/v2\/media?parent=32598"}],"curies":[{"name":"wp","href":"https:\/\/api.w.org\/{rel}","templated":true}]}}