{"id":32531,"date":"2024-01-26T13:50:24","date_gmt":"2024-01-26T12:50:24","guid":{"rendered":"https:\/\/kantajaunari.eus\/?page_id=32531"},"modified":"2024-03-12T11:47:19","modified_gmt":"2024-03-12T10:47:19","slug":"annee-a","status":"publish","type":"page","link":"https:\/\/kantajaunari.eus\/fr\/lectures\/annee-a\/","title":{"rendered":"Ann\u00e9e A"},"content":{"rendered":"","protected":false},"excerpt":{"rendered":"","protected":false},"author":1,"featured_media":0,"parent":30580,"menu_order":0,"comment_status":"closed","ping_status":"closed","template":"page-irakurgaiak.php","meta":{"_acf_changed":false,"advgb_blocks_editor_width":"","advgb_blocks_columns_visual_guide":"","footnotes":""},"class_list":["post-32531","page","type-page","status-publish","hentry"],"acf":[],"yoast_head":"<!-- This site is optimized with the Yoast SEO plugin v27.4 - https:\/\/yoast.com\/product\/yoast-seo-wordpress\/ -->\n<title>Ann\u00e9e A - Kanta Jaunari<\/title>\n<meta name=\"robots\" content=\"index, follow, max-snippet:-1, max-image-preview:large, max-video-preview:-1\" \/>\n<link rel=\"canonical\" href=\"https:\/\/kantajaunari.eus\/fr\/lectures\/annee-a\/\" \/>\n<meta property=\"og:locale\" content=\"fr_FR\" \/>\n<meta property=\"og:type\" content=\"article\" \/>\n<meta property=\"og:title\" content=\"Ann\u00e9e A - Kanta Jaunari\" \/>\n<meta property=\"og:url\" content=\"https:\/\/kantajaunari.eus\/fr\/lectures\/annee-a\/\" \/>\n<meta property=\"og:site_name\" content=\"Kanta Jaunari\" \/>\n<meta property=\"article:modified_time\" content=\"2024-03-12T10:47:19+00:00\" \/>\n<meta name=\"twitter:card\" content=\"summary_large_image\" \/>\n<script type=\"application\/ld+json\" class=\"yoast-schema-graph\">{\"@context\":\"https:\\\/\\\/schema.org\",\"@graph\":[{\"@type\":\"WebPage\",\"@id\":\"https:\\\/\\\/kantajaunari.eus\\\/fr\\\/lectures\\\/annee-a\\\/\",\"url\":\"https:\\\/\\\/kantajaunari.eus\\\/fr\\\/lectures\\\/annee-a\\\/\",\"name\":\"Ann\u00e9e A - Kanta Jaunari\",\"isPartOf\":{\"@id\":\"https:\\\/\\\/kantajaunari.eus\\\/fr\\\/#website\"},\"datePublished\":\"2024-01-26T12:50:24+00:00\",\"dateModified\":\"2024-03-12T10:47:19+00:00\",\"breadcrumb\":{\"@id\":\"https:\\\/\\\/kantajaunari.eus\\\/fr\\\/lectures\\\/annee-a\\\/#breadcrumb\"},\"inLanguage\":\"fr-FR\",\"potentialAction\":[{\"@type\":\"ReadAction\",\"target\":[\"https:\\\/\\\/kantajaunari.eus\\\/fr\\\/lectures\\\/annee-a\\\/\"]}]},{\"@type\":\"BreadcrumbList\",\"@id\":\"https:\\\/\\\/kantajaunari.eus\\\/fr\\\/lectures\\\/annee-a\\\/#breadcrumb\",\"itemListElement\":[{\"@type\":\"ListItem\",\"position\":1,\"name\":\"Accueil\",\"item\":\"https:\\\/\\\/kantajaunari.eus\\\/fr\\\/\"},{\"@type\":\"ListItem\",\"position\":2,\"name\":\"Lectures\",\"item\":\"https:\\\/\\\/kantajaunari.eus\\\/fr\\\/lectures\\\/\"},{\"@type\":\"ListItem\",\"position\":3,\"name\":\"Ann\u00e9e A\"}]},{\"@type\":\"WebSite\",\"@id\":\"https:\\\/\\\/kantajaunari.eus\\\/fr\\\/#website\",\"url\":\"https:\\\/\\\/kantajaunari.eus\\\/fr\\\/\",\"name\":\"Kanta Jaunari\",\"description\":\"\",\"potentialAction\":[{\"@type\":\"SearchAction\",\"target\":{\"@type\":\"EntryPoint\",\"urlTemplate\":\"https:\\\/\\\/kantajaunari.eus\\\/fr\\\/?s={search_term_string}\"},\"query-input\":{\"@type\":\"PropertyValueSpecification\",\"valueRequired\":true,\"valueName\":\"search_term_string\"}}],\"inLanguage\":\"fr-FR\"}]}<\/script>\n<!-- \/ Yoast SEO plugin. -->","yoast_head_json":{"title":"Ann\u00e9e A - Kanta Jaunari","robots":{"index":"index","follow":"follow","max-snippet":"max-snippet:-1","max-image-preview":"max-image-preview:large","max-video-preview":"max-video-preview:-1"},"canonical":"https:\/\/kantajaunari.eus\/fr\/lectures\/annee-a\/","og_locale":"fr_FR","og_type":"article","og_title":"Ann\u00e9e A - Kanta Jaunari","og_url":"https:\/\/kantajaunari.eus\/fr\/lectures\/annee-a\/","og_site_name":"Kanta Jaunari","article_modified_time":"2024-03-12T10:47:19+00:00","twitter_card":"summary_large_image","schema":{"@context":"https:\/\/schema.org","@graph":[{"@type":"WebPage","@id":"https:\/\/kantajaunari.eus\/fr\/lectures\/annee-a\/","url":"https:\/\/kantajaunari.eus\/fr\/lectures\/annee-a\/","name":"Ann\u00e9e A - Kanta Jaunari","isPartOf":{"@id":"https:\/\/kantajaunari.eus\/fr\/#website"},"datePublished":"2024-01-26T12:50:24+00:00","dateModified":"2024-03-12T10:47:19+00:00","breadcrumb":{"@id":"https:\/\/kantajaunari.eus\/fr\/lectures\/annee-a\/#breadcrumb"},"inLanguage":"fr-FR","potentialAction":[{"@type":"ReadAction","target":["https:\/\/kantajaunari.eus\/fr\/lectures\/annee-a\/"]}]},{"@type":"BreadcrumbList","@id":"https:\/\/kantajaunari.eus\/fr\/lectures\/annee-a\/#breadcrumb","itemListElement":[{"@type":"ListItem","position":1,"name":"Accueil","item":"https:\/\/kantajaunari.eus\/fr\/"},{"@type":"ListItem","position":2,"name":"Lectures","item":"https:\/\/kantajaunari.eus\/fr\/lectures\/"},{"@type":"ListItem","position":3,"name":"Ann\u00e9e A"}]},{"@type":"WebSite","@id":"https:\/\/kantajaunari.eus\/fr\/#website","url":"https:\/\/kantajaunari.eus\/fr\/","name":"Kanta Jaunari","description":"","potentialAction":[{"@type":"SearchAction","target":{"@type":"EntryPoint","urlTemplate":"https:\/\/kantajaunari.eus\/fr\/?s={search_term_string}"},"query-input":{"@type":"PropertyValueSpecification","valueRequired":true,"valueName":"search_term_string"}}],"inLanguage":"fr-FR"}]}},"coauthors":[],"author_meta":{"author_link":"https:\/\/kantajaunari.eus\/fr\/author\/bastiento-schuss-fr\/","display_name":"bastien@to-schuss.fr"},"relative_dates":{"created":"Publi\u00e9 2 ans il y a","modified":"Mis \u00e0 jour 2 ans il y a"},"absolute_dates":{"created":"Publi\u00e9 le 26 janvier 2024","modified":"Mise \u00e0 jour le 12 mars 2024"},"absolute_dates_time":{"created":"Publi\u00e9 le 26 janvier 2024 13h50","modified":"Mise \u00e0 jour le 12 mars 2024 11h47"},"featured_img_caption":"","featured_img":false,"series_order":"","_links":{"self":[{"href":"https:\/\/kantajaunari.eus\/fr\/wp-json\/wp\/v2\/pages\/32531","targetHints":{"allow":["GET"]}}],"collection":[{"href":"https:\/\/kantajaunari.eus\/fr\/wp-json\/wp\/v2\/pages"}],"about":[{"href":"https:\/\/kantajaunari.eus\/fr\/wp-json\/wp\/v2\/types\/page"}],"author":[{"embeddable":true,"href":"https:\/\/kantajaunari.eus\/fr\/wp-json\/wp\/v2\/users\/1"}],"replies":[{"embeddable":true,"href":"https:\/\/kantajaunari.eus\/fr\/wp-json\/wp\/v2\/comments?post=32531"}],"version-history":[{"count":1,"href":"https:\/\/kantajaunari.eus\/fr\/wp-json\/wp\/v2\/pages\/32531\/revisions"}],"predecessor-version":[{"id":32535,"href":"https:\/\/kantajaunari.eus\/fr\/wp-json\/wp\/v2\/pages\/32531\/revisions\/32535"}],"up":[{"embeddable":true,"href":"https:\/\/kantajaunari.eus\/fr\/wp-json\/wp\/v2\/pages\/30580"}],"wp:attachment":[{"href":"https:\/\/kantajaunari.eus\/fr\/wp-json\/wp\/v2\/media?parent=32531"}],"curies":[{"name":"wp","href":"https:\/\/api.w.org\/{rel}","templated":true}]}}